{"id":12,"date":"2013-06-07T08:59:55","date_gmt":"2013-06-07T06:59:55","guid":{"rendered":"http:\/\/www.inge-schlueter.de\/cms\/?page_id=12"},"modified":"2025-03-15T09:46:32","modified_gmt":"2025-03-15T07:46:32","slug":"uber-inge","status":"publish","type":"page","link":"https:\/\/www.inge-schlueter.de\/?page_id=12","title":{"rendered":"Vita"},"content":{"rendered":"<p style=\"text-align: center;\"><a href=\"https:\/\/www.inge-schlueter.de\/wp-content\/uploads\/2013\/06\/Bilder_Vita3.jpg\"><img loading=\"lazy\" decoding=\"async\" class=\"alignnone size-medium wp-image-268\" src=\"https:\/\/www.inge-schlueter.de\/wp-content\/uploads\/2013\/06\/Bilder_Vita3-300x75.jpg\" alt=\"Bilder_Vita\" width=\"300\" height=\"75\" srcset=\"https:\/\/www.inge-schlueter.de\/wp-content\/uploads\/2013\/06\/Bilder_Vita3-300x75.jpg 300w, https:\/\/www.inge-schlueter.de\/wp-content\/uploads\/2013\/06\/Bilder_Vita3-1024x257.jpg 1024w\" sizes=\"(max-width: 300px) 100vw, 300px\" \/><\/a><\/p>\n<p>Ich wurde 1971 in Bad Segeberg, Schleswig-Holstein, geboren. Meine Kindheit verbrachte ich als J\u00fcngste von vier Kindern in Eilsdorf auf einem Bauernhof mit meinen Eltern und Gro\u00dfeltern.<\/p>\n<p>Nach der Schule wusste ich nicht wirklich, wo mein beruflicher Weg hinf\u00fchren sollte. Ich erinnere mich, dass ich damals zur Berufsberatung sagte:\u00a0 &#8222;Ich m\u00f6chte auf jeden Fall einen Stift in der Hand haben!&#8220; Da ich zu dem Zeitpunkt auf weitere Jahre auf der Schulbank sehr ablehnend reagierte, begann ich eine Ausbildung zur Bauzeichnerin. Dabei glaube ich, dass ich im Grunde meines Herzens mit dem &#8222;Stift in der Hand&#8220; etwas viel kreativeres meinte, aber ich war jung, mein Selbstwertgef\u00fchl ausbaubed\u00fcrftig und zudem unge\u00fcbt im &#8222;In-mich-Hineinhorchen&#8220; und eigentlich nur an einem interessiert: Wo findet am Wochenende die Party statt?<\/p>\n<p>Diverse Jahre war ich in meinem erlernten Beruf t\u00e4tig, bis ich sp\u00e4ter meine beiden T\u00f6chter, Antonia und Hanna, bekam. Als Hanna ein Jahr alt war, begann mein &#8222;Alleinerziehen&#8220;. In den ersten Jahren dieser Zeit habe ich ein Fernstudium zur Werbeberaterin begonnen und erfolgreich abgeschlossen. Inzwischen bin ich teilzeitig als Bauzeichnerin t\u00e4tig und teilzeitig f\u00fclle ich mein Leben mit anderen Leidenschaften und Begeisterungen, wovon hier auf dieser Homepage einiges les- und h\u00f6rbar ist. Viele Jahre standen f\u00fcr mich meine Kinder vor meinen eigenen Interessen. Das schreibe ich nicht frustriert oder um Mitleid oder gar Bewunderung zu erzeugen. Ich schreibe es mit Liebe im Herzen! Inzwischen sind beide T\u00f6chter ausgezogen und bewegen sich mit Freude im eigenen Fahrwasser. Meine Interessen bekommen neuen Raum. Welch wunderbare Erfahrung!<\/p>\n<p>Zu\u00a0meinen Interessen geh\u00f6rt seit 2007 auch das Schreiben. Was zuerst nur ein Gedanke war, nahm mehr und mehr Gestalt an und\u00a0inzwischen habe ich die Erfahrung gemacht, wie es sich anf\u00fchlen kann, wenn aus Gedanken schlussendlich ein fertiges Buch wird.<\/p>\n<p>In der Buchreihe BIEP FIMILIM gew\u00e4hre ich Einblicke in mein Alleinerziehenden-Dasein, welches gepr\u00e4gt ist von Lebendigkeit, Kurzweil und positiven Denken. Aber auch von Ersch\u00f6pfung und den nicht so angenehmen Seiten, wenn man ohne Partner Kinder &#8222;gro\u00df zieht&#8220; <em>(was ist schon gro\u00df und wirklich gezogen habe ich auch nicht &#8211; zumindest nicht bewusst)<\/em>, wird in den B\u00fcchern erz\u00e4hlt.<\/p>\n<p>Au\u00dferdem schreibe ich f\u00fcr mein Leben gern Kolumnen. Dazu w\u00e4hle ich aktuelle Themen aber auch allt\u00e4gliche Situationen und verpacke diese in ein erfrischendes, mal provokantes und immer kurzweiliges Glossenkost\u00fcm. Aus den gesammelten Kolumnen erstelle ich die Buchreihe &#8222;Informitzig&#8220;. Inzwischen schreibe ich fast ausschlie\u00dflich Kolumnen, um sie in vertonter Form zu ver\u00f6ffentlichen.<\/p>\n<p>Seit 2011 gestalte ich unterschiedliche Radioredaktionen des Offenen Kanal L\u00fcbeck mit und freue mich \u00fcber die vielf\u00e4ltigen Interviewpartnerinnen und -partner, die mir im Laufe dieser T\u00e4tigkeit begegneten und wahrscheinlich auch weiterhin begegnen werden. Weil ich Freude an Kreativit\u00e4t mit Ton, Wort und Sprache habe, vertonte ich meine Kolumnen f\u00fcrs Radio &#8211; ihr findet sie unter &#8222;Informitziges f\u00fcrs Ohr&#8220;. Zudem gibt es auch plattdeutsche Kolumnen , die ich unter den Namen &#8222;Platt &amp; plietsch dorbi&#8220; ver\u00f6ffentlichte.<\/p>\n<p>Eine weitere Leidenschaft ist das Theaterspielen. Von selbstgeschriebenen und -gespielten Sketchen in der fr\u00fchen Kinderzeit bis zu meinem tats\u00e4chlichen spielerischen Theatereinsatz lagen allerdings viele Jahre. Meine erste Theatererfahrung sammelte ich erst im Jahr 2020 bei einer plattdeutschen Theatergruppe. Ich war best\u00e4tigt: das macht mir Freude und ich kann das! Zudem geh\u00f6rte ich f\u00fcr eine Spielsaison der Frauen-Theatergruppe MissGefallen aus L\u00fcbeck an. Und ganz aktuell bin ich spielender Teil der Niederdeutschen B\u00fchne S\u00fcsel in der Kulturscheune S\u00fcsel. Wie sch\u00f6n, auch diese Leidenschaft &#8222;ausleben&#8220; zu k\u00f6nnen.<\/p>\n<p>Alles was ich mache, mache ich nicht perfekt und \u00fcber die Ma\u00dfe fachfraulich &#8211; aber ich mache es mit Freude, mit Lust, mit Begeisterung, selbstbestimmt, unabh\u00e4ngig und mit dem Wunsch, einen Teil dazu beizutragen, dass es Sch\u00f6nes und Interessantes zum Lesen und H\u00f6ren gibt!<\/p>\n<p>&#8230;und auf das Theaterspielen bezogen, dass es Sch\u00f6nes und Interessantes zu sehen gibt \ud83d\ude42<\/p>\n<p>Inge Schl\u00fcter winkt<\/p>\n","protected":false},"excerpt":{"rendered":"<p>Ich wurde 1971 in Bad Segeberg, Schleswig-Holstein, geboren. Meine Kindheit verbrachte ich als J\u00fcngste von vier Kindern in Eilsdorf auf einem Bauernhof mit meinen Eltern und Gro\u00dfeltern. Nach der Schule wusste ich nicht wirklich, wo mein beruflicher Weg hinf\u00fchren sollte. Ich erinnere mich, dass ich damals zur Berufsberatung sagte:\u00a0 &#8222;Ich m\u00f6chte auf jeden Fall einen &#8230; <a title=\"Vita\" class=\"read-more\" href=\"https:\/\/www.inge-schlueter.de\/?page_id=12\" aria-label=\"Mehr Informationen \u00fcber Vita\">Weiterlesen &#8230;<\/a><\/p>\n","protected":false},"author":2,"featured_media":0,"parent":0,"menu_order":0,"comment_status":"closed","ping_status":"closed","template":"","meta":{"footnotes":""},"_links":{"self":[{"href":"https:\/\/www.inge-schlueter.de\/index.php?rest_route=\/wp\/v2\/pages\/12"}],"collection":[{"href":"https:\/\/www.inge-schlueter.de\/index.php?rest_route=\/wp\/v2\/pages"}],"about":[{"href":"https:\/\/www.inge-schlueter.de\/index.php?rest_route=\/wp\/v2\/types\/page"}],"author":[{"embeddable":true,"href":"https:\/\/www.inge-schlueter.de\/index.php?rest_route=\/wp\/v2\/users\/2"}],"replies":[{"embeddable":true,"href":"https:\/\/www.inge-schlueter.de\/index.php?rest_route=%2Fwp%2Fv2%2Fcomments&post=12"}],"version-history":[{"count":34,"href":"https:\/\/www.inge-schlueter.de\/index.php?rest_route=\/wp\/v2\/pages\/12\/revisions"}],"predecessor-version":[{"id":3271,"href":"https:\/\/www.inge-schlueter.de\/index.php?rest_route=\/wp\/v2\/pages\/12\/revisions\/3271"}],"wp:attachment":[{"href":"https:\/\/www.inge-schlueter.de\/index.php?rest_route=%2Fwp%2Fv2%2Fmedia&parent=12"}],"curies":[{"name":"wp","href":"https:\/\/api.w.org\/{rel}","templated":true}]}}