{"id":1649,"date":"2017-11-28T09:54:58","date_gmt":"2017-11-28T07:54:58","guid":{"rendered":"http:\/\/www.inge-schlueter.de\/?page_id=1649"},"modified":"2019-02-27T20:39:28","modified_gmt":"2019-02-27T18:39:28","slug":"mein-nach-hause-gehen","status":"publish","type":"page","link":"https:\/\/www.inge-schlueter.de\/?page_id=1649","title":{"rendered":"Mein Nach-Hause-Gehen"},"content":{"rendered":"<p><a href=\"https:\/\/www.inge-schlueter.de\/wp-content\/uploads\/2017\/11\/Cover-Mein-Nach-Hause-Gehen_final_Vorderansicht.jpg\"><img loading=\"lazy\" decoding=\"async\" class=\"aligncenter  wp-image-1637\" src=\"https:\/\/www.inge-schlueter.de\/wp-content\/uploads\/2017\/11\/Cover-Mein-Nach-Hause-Gehen_final_Vorderansicht-188x300.jpg\" alt=\"\" width=\"150\" height=\"240\" srcset=\"https:\/\/www.inge-schlueter.de\/wp-content\/uploads\/2017\/11\/Cover-Mein-Nach-Hause-Gehen_final_Vorderansicht-188x300.jpg 188w, https:\/\/www.inge-schlueter.de\/wp-content\/uploads\/2017\/11\/Cover-Mein-Nach-Hause-Gehen_final_Vorderansicht-768x1223.jpg 768w, https:\/\/www.inge-schlueter.de\/wp-content\/uploads\/2017\/11\/Cover-Mein-Nach-Hause-Gehen_final_Vorderansicht-643x1024.jpg 643w, https:\/\/www.inge-schlueter.de\/wp-content\/uploads\/2017\/11\/Cover-Mein-Nach-Hause-Gehen_final_Vorderansicht.jpg 1596w\" sizes=\"(max-width: 150px) 100vw, 150px\" \/><\/a><\/p>\n<p style=\"text-align: center;\">Mein Nach-Hause-Gehen<\/p>\n<p style=\"text-align: center;\"><em>Als Taschenbuch und als E-Book erschienen im November 2017.<\/em><\/p>\n<p>\u201eEine Frau, Mitte Vierzig, geht f\u00fcr einige Wochen zu Fu\u00df durch halb Deutschland. Ihr st\u00e4ndiger Begleiter ist der Rucksack. Und diese Frau bin ich.&#8220;<\/p>\n<p>So oder so \u00e4hnlich k\u00f6nnte ich den Inhalt dieses Buches verk\u00fcrzt zusammenfassen.<\/p>\n<p>Mein Nach-Hause-Gehen beschreibt die Wochen, in denen ich mich zu Fu\u00df von Koblenz aus auf den Weg zu meinem Zuhause machte. Das Buch ist voller Gedanken, die sich in den Wochen der Terminlosigkeit und fernab des gewohnten Alltags in mir breit machten. Begegnungen und Erlebnisse &#8211; eher stiller als sensationeller Natur &#8211; begleiteten mich auf diesen Weg.<\/p>\n<p style=\"text-align: center;\">inspirierend &#8211; kraftvoll &#8211; heiter &#8211; mutmachend &#8211; leise &#8211; herausfordernd<\/p>\n","protected":false},"excerpt":{"rendered":"<p>Mein Nach-Hause-Gehen Als Taschenbuch und als E-Book erschienen im November 2017. \u201eEine Frau, Mitte Vierzig, geht f\u00fcr einige Wochen zu Fu\u00df durch halb Deutschland. Ihr st\u00e4ndiger Begleiter ist der Rucksack. Und diese Frau bin ich.&#8220; So oder so \u00e4hnlich k\u00f6nnte ich den Inhalt dieses Buches verk\u00fcrzt zusammenfassen. Mein Nach-Hause-Gehen beschreibt die Wochen, in denen ich &#8230; <a title=\"Mein Nach-Hause-Gehen\" class=\"read-more\" href=\"https:\/\/www.inge-schlueter.de\/?page_id=1649\" aria-label=\"Mehr Informationen \u00fcber Mein Nach-Hause-Gehen\">Weiterlesen &#8230;<\/a><\/p>\n","protected":false},"author":1,"featured_media":0,"parent":0,"menu_order":0,"comment_status":"closed","ping_status":"closed","template":"","meta":{"footnotes":""},"_links":{"self":[{"href":"https:\/\/www.inge-schlueter.de\/index.php?rest_route=\/wp\/v2\/pages\/1649"}],"collection":[{"href":"https:\/\/www.inge-schlueter.de\/index.php?rest_route=\/wp\/v2\/pages"}],"about":[{"href":"https:\/\/www.inge-schlueter.de\/index.php?rest_route=\/wp\/v2\/types\/page"}],"author":[{"embeddable":true,"href":"https:\/\/www.inge-schlueter.de\/index.php?rest_route=\/wp\/v2\/users\/1"}],"replies":[{"embeddable":true,"href":"https:\/\/www.inge-schlueter.de\/index.php?rest_route=%2Fwp%2Fv2%2Fcomments&post=1649"}],"version-history":[{"count":3,"href":"https:\/\/www.inge-schlueter.de\/index.php?rest_route=\/wp\/v2\/pages\/1649\/revisions"}],"predecessor-version":[{"id":1964,"href":"https:\/\/www.inge-schlueter.de\/index.php?rest_route=\/wp\/v2\/pages\/1649\/revisions\/1964"}],"wp:attachment":[{"href":"https:\/\/www.inge-schlueter.de\/index.php?rest_route=%2Fwp%2Fv2%2Fmedia&parent=1649"}],"curies":[{"name":"wp","href":"https:\/\/api.w.org\/{rel}","templated":true}]}}