{"id":17,"date":"2013-06-07T09:02:30","date_gmt":"2013-06-07T07:02:30","guid":{"rendered":"http:\/\/www.inge-schlueter.de\/cms\/?page_id=17"},"modified":"2017-11-28T12:51:36","modified_gmt":"2017-11-28T10:51:36","slug":"buchbestellung","status":"publish","type":"page","link":"https:\/\/www.inge-schlueter.de\/?page_id=17","title":{"rendered":"Bestellung"},"content":{"rendered":"<p>BIEP FIMILIM und Informitzig als Taschenbuch und als E-Book. Das Taschenbuch kostet 7,90 \u20ac und das E-Book 3,45 \u20ac. Bestellt werden k\u00f6nnen sie schnell und unkompliziert \u00fcber Amazon und \u00fcber einige Buchhandlungen in meiner Umgebung. Bei Fragen &#8211; einfach mich kontaktieren.<\/p>\n<p>Mein Nach-Hause-Gehen kostet als Taschenbuch 16,99 \u20ac und als E-Book 7,99 \u20ac. Es ist im BoD-Verlag erschienen und \u00fcber jede Buchhandlung bestellbar. ISBN 9 783 746 031 453<\/p>\n<p>Hier geht es zu meiner\u00a0<span style=\"color: #808080;\"><strong><a style=\"color: #808080;\" href=\"https:\/\/www.amazon.de\/Inge-Schl%C3%BCter\/e\/B00JEAKQK6\/ref=ntt_dp_epwbk_1\" target=\"_blank\" rel=\"noopener noreferrer\">Autoren-Seite und zu den B\u00fcchern<\/a><\/strong><\/span>\u00a0auf Amazon.<\/p>\n<p>Und hier geht es zu meinem <span style=\"color: #808080;\"><strong><a style=\"color: #808080;\" href=\"https:\/\/www.bod.de\/buchshop\/mein-nach-hause-gehen-inge-schlueter-9783746031453\" target=\"_blank\" rel=\"noopener noreferrer\">Buch im BoD-Verlag<\/a><\/strong><\/span>.<\/p>\n<table style=\"height: 1164px;\" border=\"0\" width=\"666\">\n<tbody>\n<tr>\n<td width=\"32%\"><\/td>\n<td width=\"64%\"><\/td>\n<td width=\"4%\"><\/td>\n<\/tr>\n<tr>\n<td><\/td>\n<td><\/td>\n<td><\/td>\n<\/tr>\n<tr>\n<td><\/td>\n<td><\/td>\n<td><\/td>\n<\/tr>\n<tr>\n<td><\/td>\n<td><\/td>\n<td><\/td>\n<\/tr>\n<tr>\n<td><\/td>\n<td><\/td>\n<td><\/td>\n<\/tr>\n<tr>\n<td><\/td>\n<td><strong><br \/>\n<\/strong><\/td>\n<td><\/td>\n<\/tr>\n<tr>\n<td><\/td>\n<td><\/td>\n<\/tr>\n<\/tbody>\n<\/table>\n","protected":false},"excerpt":{"rendered":"<p>BIEP FIMILIM und Informitzig als Taschenbuch und als E-Book. Das Taschenbuch kostet 7,90 \u20ac und das E-Book 3,45 \u20ac. Bestellt werden k\u00f6nnen sie schnell und unkompliziert \u00fcber Amazon und \u00fcber einige Buchhandlungen in meiner Umgebung. Bei Fragen &#8211; einfach mich kontaktieren. Mein Nach-Hause-Gehen kostet als Taschenbuch 16,99 \u20ac und als E-Book 7,99 \u20ac. Es ist &#8230; <a title=\"Bestellung\" class=\"read-more\" href=\"https:\/\/www.inge-schlueter.de\/?page_id=17\" aria-label=\"Mehr Informationen \u00fcber Bestellung\">Weiterlesen &#8230;<\/a><\/p>\n","protected":false},"author":2,"featured_media":0,"parent":0,"menu_order":0,"comment_status":"closed","ping_status":"closed","template":"","meta":{"footnotes":""},"_links":{"self":[{"href":"https:\/\/www.inge-schlueter.de\/index.php?rest_route=\/wp\/v2\/pages\/17"}],"collection":[{"href":"https:\/\/www.inge-schlueter.de\/index.php?rest_route=\/wp\/v2\/pages"}],"about":[{"href":"https:\/\/www.inge-schlueter.de\/index.php?rest_route=\/wp\/v2\/types\/page"}],"author":[{"embeddable":true,"href":"https:\/\/www.inge-schlueter.de\/index.php?rest_route=\/wp\/v2\/users\/2"}],"replies":[{"embeddable":true,"href":"https:\/\/www.inge-schlueter.de\/index.php?rest_route=%2Fwp%2Fv2%2Fcomments&post=17"}],"version-history":[{"count":44,"href":"https:\/\/www.inge-schlueter.de\/index.php?rest_route=\/wp\/v2\/pages\/17\/revisions"}],"predecessor-version":[{"id":1657,"href":"https:\/\/www.inge-schlueter.de\/index.php?rest_route=\/wp\/v2\/pages\/17\/revisions\/1657"}],"wp:attachment":[{"href":"https:\/\/www.inge-schlueter.de\/index.php?rest_route=%2Fwp%2Fv2%2Fmedia&parent=17"}],"curies":[{"name":"wp","href":"https:\/\/api.w.org\/{rel}","templated":true}]}}