{"id":181,"date":"2013-07-19T16:06:27","date_gmt":"2013-07-19T14:06:27","guid":{"rendered":"http:\/\/www.inge-schlueter.de\/cms\/?page_id=181"},"modified":"2019-02-27T15:51:55","modified_gmt":"2019-02-27T13:51:55","slug":"impressum-2","status":"publish","type":"page","link":"https:\/\/www.inge-schlueter.de\/?page_id=181","title":{"rendered":"Impressum"},"content":{"rendered":"<h3 style=\"text-align: justify;\">Inge Schl\u00fcter<\/h3>\n<p style=\"text-align: justify;\">Schmiederedder 4<br \/>\n23820 Strenglin<\/p>\n<p>Telefon: 04556 &#8211; 98217<br \/>\nEmail: info@inge-schlueter.de<\/p>\n<h3 style=\"text-align: justify;\"><\/h3>\n<h3 style=\"text-align: justify;\">1. Haftungsbeschr\u00e4nkung<\/h3>\n<p style=\"text-align: justify;\">Die Inhalte dieser Website werden mit gr\u00f6\u00dftm\u00f6glicher Sorgfalt erstellt. Inge Schl\u00fcter \u00fcbernimmt jedoch keine Gew\u00e4hr f\u00fcr die Richtigkeit, Vollst\u00e4ndigkeit und Aktualit\u00e4t der bereitgestellten Inhalte. Die Nutzung der Inhalte der Website erfolgt auf eigene Gefahr des Nutzers. Namentlich gekennzeichnete Beitr\u00e4ge geben die Meinung des jeweiligen Autors und nicht immer die Meinung von Inge Schl\u00fcter wieder.<\/p>\n<h3 style=\"text-align: justify;\">2. Externe Links<\/h3>\n<p style=\"text-align: justify;\">Diese Website enth\u00e4lt Verkn\u00fcpfungen zu Websites Dritter (&#8222;externe Links&#8220;). Diese Websites unterliegen der Haftung der jeweiligen Betreiber. Inge Schl\u00fcter hat keinerlei Einfluss auf die aktuelle und zuk\u00fcnftige Gestaltung und auf die Inhalte der verkn\u00fcpften Seiten. Das Setzen von externen Links bedeutet nicht, dass sich Inge Schl\u00fcter die hinter dem Verweis oder Link liegenden Inhalte zu Eigen macht.<\/p>\n<h3 style=\"text-align: justify;\">3. Urheber- und Leistungsschutzrechte\/ Copyright<\/h3>\n<p style=\"text-align: justify;\">Die auf dieser Website ver\u00f6ffentlichten Inhalte (u.a. Texte, Bilder, MP3-Dateien) unterliegen dem deutschen Urheber- und Leistungsschutzrecht und sind Eigentum des Autors. Jede vom deutschen Urheber- und Leistungsschutzrecht nicht zugelassene Verwertung bedarf der vorherigen schriftlichen Zustimmung von Inge Schl\u00fcter. Dies gilt insbesondere f\u00fcr Vervielf\u00e4ltigung, Bearbeitung, \u00dcbersetzung, Einspeicherung, Verarbeitung bzw. Wiedergabe von Inhalten in Datenbanken oder anderen elektronischen Medien und Systemen. Inhalte und Rechte Dritter sind dabei als solche gekennzeichnet. Die unerlaubte Vervielf\u00e4ltigung oder Weitergabe einzelner Inhalte oder kompletter Seiten ist nicht gestattet und strafbar.<\/p>\n<p>Die Darstellung dieser Website in fremden Frames ist nur mit schriftlicher Erlaubnis zul\u00e4ssig.<\/p>\n<p style=\"text-align: justify;\">\n","protected":false},"excerpt":{"rendered":"<p>Inge Schl\u00fcter Schmiederedder 4 23820 Strenglin Telefon: 04556 &#8211; 98217 Email: info@inge-schlueter.de 1. Haftungsbeschr\u00e4nkung Die Inhalte dieser Website werden mit gr\u00f6\u00dftm\u00f6glicher Sorgfalt erstellt. Inge Schl\u00fcter \u00fcbernimmt jedoch keine Gew\u00e4hr f\u00fcr die Richtigkeit, Vollst\u00e4ndigkeit und Aktualit\u00e4t der bereitgestellten Inhalte. Die Nutzung der Inhalte der Website erfolgt auf eigene Gefahr des Nutzers. Namentlich gekennzeichnete Beitr\u00e4ge geben die &#8230; <a title=\"Impressum\" class=\"read-more\" href=\"https:\/\/www.inge-schlueter.de\/?page_id=181\" aria-label=\"Mehr Informationen \u00fcber Impressum\">Weiterlesen &#8230;<\/a><\/p>\n","protected":false},"author":2,"featured_media":0,"parent":0,"menu_order":0,"comment_status":"closed","ping_status":"closed","template":"","meta":{"footnotes":""},"_links":{"self":[{"href":"https:\/\/www.inge-schlueter.de\/index.php?rest_route=\/wp\/v2\/pages\/181"}],"collection":[{"href":"https:\/\/www.inge-schlueter.de\/index.php?rest_route=\/wp\/v2\/pages"}],"about":[{"href":"https:\/\/www.inge-schlueter.de\/index.php?rest_route=\/wp\/v2\/types\/page"}],"author":[{"embeddable":true,"href":"https:\/\/www.inge-schlueter.de\/index.php?rest_route=\/wp\/v2\/users\/2"}],"replies":[{"embeddable":true,"href":"https:\/\/www.inge-schlueter.de\/index.php?rest_route=%2Fwp%2Fv2%2Fcomments&post=181"}],"version-history":[{"count":5,"href":"https:\/\/www.inge-schlueter.de\/index.php?rest_route=\/wp\/v2\/pages\/181\/revisions"}],"predecessor-version":[{"id":1919,"href":"https:\/\/www.inge-schlueter.de\/index.php?rest_route=\/wp\/v2\/pages\/181\/revisions\/1919"}],"wp:attachment":[{"href":"https:\/\/www.inge-schlueter.de\/index.php?rest_route=%2Fwp%2Fv2%2Fmedia&parent=181"}],"curies":[{"name":"wp","href":"https:\/\/api.w.org\/{rel}","templated":true}]}}