{"id":183,"date":"2013-07-19T16:06:54","date_gmt":"2013-07-19T14:06:54","guid":{"rendered":"http:\/\/www.inge-schlueter.de\/cms\/?page_id=183"},"modified":"2022-07-15T16:37:58","modified_gmt":"2022-07-15T14:37:58","slug":"kolumnen","status":"publish","type":"page","link":"https:\/\/www.inge-schlueter.de\/?page_id=183","title":{"rendered":"Kolumnen"},"content":{"rendered":"<p>Beim <strong>Schreiben<\/strong> zu aktuellen Themen oder auch zu belanglosen Alltagssituationen mit einem schmunzelnden Augenzwinkern, mit spitzer Provokation und mit der eigenen Meinung zu &#8218;arbeiten&#8216; bereitet mir besondere\u00a0Freude.<\/p>\n<p>Deswegen schreibe ich <strong>Kolumnen<\/strong>! &#8230;und eine kleine Auswahl ist\u00a0hier auf meiner Homepage zu lesen.<\/p>\n<p>Die <strong>Ideen<\/strong> dazu entstehen meistens im Alltag: beim Radfahren, beim Zeitunglesen, beim Z\u00e4hneputzen, beim Katzen streicheln oder beim Nichtstun! Manchmal sind die Texte dann in 10 Minuten zu Papier gebracht, andere \u00fcberarbeite ich noch und n\u00f6cher bevor sie das ausdr\u00fccken, was ich sagen will.<\/p>\n<p>Ich begann, meine Kolumnen f\u00fcr ein regionales Anzeigenblatt im Kreis Segeberg zu schreiben, sp\u00e4ter vertonte ich viele von diesen f\u00fcr die <strong>Radiosendung XXradio<\/strong>, die ich im Offenen Kanal L\u00fcbeck mitgestaltete, und f\u00fcr meine <strong>Homepage<\/strong>.<\/p>\n<p>Seit Ende 2021 produziere ich eine plattdeutsche Kolumne f\u00fcr den Offenen Kanal und f\u00fcr eine Platt-Radioredaktion in Niedersachsen. Ich nenne diese Kolumnen <strong>&#8222;Platt un plietsch dorbi&#8220;.<\/strong><\/p>\n<p>Meine<strong> aktuelle Kolumne<\/strong> ver\u00f6ffentliche ich regelm\u00e4\u00dfig hier auf meiner\u00a0Homepage. Manche nehme ich nach einer Zeit wieder raus, damit die Homepage nicht \u00fcberl\u00e4uft.<\/p>\n<p>Wo sind die<strong> vertonten Kolumnen?<\/strong>\u00a0 Im <strong>Sammelsurium<\/strong> unter<strong> &#8222;Informitziges f\u00fcr&#8217;s Ohr&#8220; <\/strong>und unter <strong>&#8222;Platt un plietsch dorbi&#8220;<\/strong> sind einige zu finden.<\/p>\n","protected":false},"excerpt":{"rendered":"<p>Beim Schreiben zu aktuellen Themen oder auch zu belanglosen Alltagssituationen mit einem schmunzelnden Augenzwinkern, mit spitzer Provokation und mit der eigenen Meinung zu &#8218;arbeiten&#8216; bereitet mir besondere\u00a0Freude. Deswegen schreibe ich Kolumnen! &#8230;und eine kleine Auswahl ist\u00a0hier auf meiner Homepage zu lesen. Die Ideen dazu entstehen meistens im Alltag: beim Radfahren, beim Zeitunglesen, beim Z\u00e4hneputzen, beim &#8230; <a title=\"Kolumnen\" class=\"read-more\" href=\"https:\/\/www.inge-schlueter.de\/?page_id=183\" aria-label=\"Mehr Informationen \u00fcber Kolumnen\">Weiterlesen &#8230;<\/a><\/p>\n","protected":false},"author":2,"featured_media":0,"parent":0,"menu_order":0,"comment_status":"open","ping_status":"closed","template":"","meta":{"footnotes":""},"_links":{"self":[{"href":"https:\/\/www.inge-schlueter.de\/index.php?rest_route=\/wp\/v2\/pages\/183"}],"collection":[{"href":"https:\/\/www.inge-schlueter.de\/index.php?rest_route=\/wp\/v2\/pages"}],"about":[{"href":"https:\/\/www.inge-schlueter.de\/index.php?rest_route=\/wp\/v2\/types\/page"}],"author":[{"embeddable":true,"href":"https:\/\/www.inge-schlueter.de\/index.php?rest_route=\/wp\/v2\/users\/2"}],"replies":[{"embeddable":true,"href":"https:\/\/www.inge-schlueter.de\/index.php?rest_route=%2Fwp%2Fv2%2Fcomments&post=183"}],"version-history":[{"count":24,"href":"https:\/\/www.inge-schlueter.de\/index.php?rest_route=\/wp\/v2\/pages\/183\/revisions"}],"predecessor-version":[{"id":2731,"href":"https:\/\/www.inge-schlueter.de\/index.php?rest_route=\/wp\/v2\/pages\/183\/revisions\/2731"}],"wp:attachment":[{"href":"https:\/\/www.inge-schlueter.de\/index.php?rest_route=%2Fwp%2Fv2%2Fmedia&parent=183"}],"curies":[{"name":"wp","href":"https:\/\/api.w.org\/{rel}","templated":true}]}}