{"id":19,"date":"2013-06-07T09:03:45","date_gmt":"2013-06-07T07:03:45","guid":{"rendered":"http:\/\/www.inge-schlueter.de\/cms\/?page_id=19"},"modified":"2024-10-15T18:55:29","modified_gmt":"2024-10-15T16:55:29","slug":"radio-tussenfunk","status":"publish","type":"page","link":"https:\/\/www.inge-schlueter.de\/?page_id=19","title":{"rendered":"Radio"},"content":{"rendered":"<p style=\"text-align: left;\"><span style=\"text-decoration: underline;\"><em><strong>Mein pers\u00f6nlicher Weg zum Radio:<\/strong><\/em><\/span><\/p>\n<p>Anfang 2011 nahm ich, getrieben von Neugier und dem Bedarf nach neuen Herausforderungen, an einem Workshop des Offenen Kanal L\u00fcbeck teil. An drei Samstagen konnten interessierte Frauen dort die Radioarbeit kennenlernen \u2013 und ich war interessiert!<\/p>\n<p>Weil fast allen der am Kurs teilnehmenden Frauen der Workshop nicht reichte, wurde dar\u00fcber nachgedacht, ob man nicht in irgendeiner Form weitermachen k\u00f6nne. Unsere Fachfrau, die Kursleiterin, hatten wir mit im Boot! Und so gr\u00fcndeten wir unsere Frauenredaktion. Bis Januar 2013 lief sie unter dem Namen &#8222;TUSSENFUNK&#8220;, diesen Namen haben wir inzwischen abgegeben. Im Februar 2013 waren wir &#8222;namenlos&#8220; und seit M\u00e4rz 2013 gingen wir als &#8222;XXradio&#8220; auf Sendung. Die beiden X stehen f\u00fcr unsere Chromosomen &#8211; das nur am Rande!<\/p>\n<p><img loading=\"lazy\" decoding=\"async\" class=\"aligncenter\" src=\"https:\/\/www.inge-schlueter.de\/wp-content\/uploads\/2013\/06\/xxradio-300x182.jpg\" alt=\"xxradio\" width=\"172\" height=\"104\" \/><\/p>\n<p>Diese Jahre bereicherten mich in jeder Hinsicht. Die vielen interessanten, anr\u00fchrenden und lebendigen Begegnungen im Zuge der Interviews und die Auseinandersetzung mit gezielten Themen begeistern, erweitern und erfreuen mich! Viele meiner Beitr\u00e4ge und Interviews, die im Laufe der Jahre am Mikro oder zu Hause in Vorproduktion entstanden sind, habe ich zum Nachh\u00f6ren hier auf meiner Homepage eingepflegt. Im Sammelsurium findest du sie unter <strong>&#8222;Radio &#8211; Interviews und Beitr\u00e4ge&#8220;<\/strong>.<\/p>\n<p>Weil Leben aber auch immer ein wenig Ver\u00e4nderung bedeutet, hatte ich meine XXradio-T\u00fcr im September 2021 geschlossen. Auch um Neues zu machen &#8211; Ver\u00e4nderung geht f\u00fcr mich stets einher mit Erweiterung. So bin ich inzwischen wieder aktiv am Theaterspielen. Da ich aber ansatzweise s\u00fcchtig bin nach Radiobeitr\u00e4ge basteln, m\u00f6chte ich diese Leidenschaft nicht ungelebt lassen und hatte das Gl\u00fcck, dass ich die Redaktion <strong>&#8222;Platt ut de Hansestadt&#8220;<\/strong> mit einer plattd\u00fc\u00fctschen Kolumne bereichern darf.<\/p>\n<p><a href=\"https:\/\/www.inge-schlueter.de\/wp-content\/uploads\/2021\/11\/Logo-Platt-ut-de-Hansestadt-Mediathek-e1614260430321-300x225-1.jpg\"><img loading=\"lazy\" decoding=\"async\" class=\"aligncenter  wp-image-2595\" src=\"https:\/\/www.inge-schlueter.de\/wp-content\/uploads\/2021\/11\/Logo-Platt-ut-de-Hansestadt-Mediathek-e1614260430321-300x225-1.jpg\" alt=\"\" width=\"167\" height=\"125\" \/><\/a><\/p>\n<p>Da ich es mag, wenn meine &#8222;Kinder&#8220; einen Namen haben, nenne ich diese Kolumnen <strong>&#8222;Platt &amp; plietsch dorbi&#8220; und habe Logo und Jingle daf\u00fcr entwickelt:<\/strong><\/p>\n<p><a href=\"https:\/\/www.inge-schlueter.de\/wp-content\/uploads\/2021\/11\/Logo_Platt-plietsch-dorbi.jpg\"><img loading=\"lazy\" decoding=\"async\" class=\"aligncenter  wp-image-2598\" src=\"https:\/\/www.inge-schlueter.de\/wp-content\/uploads\/2021\/11\/Logo_Platt-plietsch-dorbi-300x123.jpg\" alt=\"\" width=\"237\" height=\"97\" srcset=\"https:\/\/www.inge-schlueter.de\/wp-content\/uploads\/2021\/11\/Logo_Platt-plietsch-dorbi-300x123.jpg 300w, https:\/\/www.inge-schlueter.de\/wp-content\/uploads\/2021\/11\/Logo_Platt-plietsch-dorbi.jpg 583w\" sizes=\"(max-width: 237px) 100vw, 237px\" \/><\/a><\/p>\n<!--[if lt IE 9]><script>document.createElement('audio');<\/script><![endif]-->\n<audio class=\"wp-audio-shortcode\" id=\"audio-19-1\" preload=\"none\" style=\"width: 100%;\" controls=\"controls\"><source type=\"audio\/mpeg\" src=\"https:\/\/www.inge-schlueter.de\/wp-content\/uploads\/2024\/10\/Intro_fertig.mp3?_=1\" \/><a href=\"https:\/\/www.inge-schlueter.de\/wp-content\/uploads\/2024\/10\/Intro_fertig.mp3\">https:\/\/www.inge-schlueter.de\/wp-content\/uploads\/2024\/10\/Intro_fertig.mp3<\/a><\/audio>\n<p>Ein sch\u00f6nes Kapitel auf meinem Radioweg, finde ich!<\/p>\n<p>Und &#8211; was mich zus\u00e4tzlich besonders freut, ist, dass ich seit Mai 2024 die etablierte Radiosendung <strong>&#8222;Engagiert&#8220;<\/strong> unter meine Fittiche nehmen durfte und diesem so wunder- und wertvollem Format frischen Wind einverleiben darf. Es begeistert mich, Engagement in jeder Hinsicht ins Rampenlicht zu r\u00fccken.<\/p>\n<p>Der Jingle dazu ist mit der lebendigen Musik von <a href=\"https:\/\/www.jalapenorecords.com\/skeewiff\" target=\"_blank\" rel=\"noopener\"><strong>Skeewiff \/ Spanish Flea<\/strong><\/a> hinterlegt inklusive deren Einverst\u00e4ndnis zur Ver\u00f6ffentlichung.<\/p>\n<audio class=\"wp-audio-shortcode\" id=\"audio-19-2\" preload=\"none\" style=\"width: 100%;\" controls=\"controls\"><source type=\"audio\/mpeg\" src=\"https:\/\/www.inge-schlueter.de\/wp-content\/uploads\/2024\/10\/Jingle-lang_Engagiert.mp3?_=2\" \/><a href=\"https:\/\/www.inge-schlueter.de\/wp-content\/uploads\/2024\/10\/Jingle-lang_Engagiert.mp3\">https:\/\/www.inge-schlueter.de\/wp-content\/uploads\/2024\/10\/Jingle-lang_Engagiert.mp3<\/a><\/audio>\n<p style=\"text-align: center;\"><strong>L\u00fcbeck FM ist zu empfangen \u00fcber 98,8 oder auch im Internet <span style=\"color: #ff9900;\"><a style=\"color: #ff9900;\" href=\"http:\/\/www.okluebeck.de\/\">www.okluebeck.de<\/a><\/span> (Link \u201eh\u00f6ren\u201c, dann Link \u201eLivestream\u201c und los geht es!)<\/strong><\/p>\n<p><strong>Viel Freude beim Anh\u00f6ren!<\/strong><\/p>\n<p>w\u00fcnscht euch Inge Schl\u00fcter<\/p>\n","protected":false},"excerpt":{"rendered":"<p>Mein pers\u00f6nlicher Weg zum Radio: Anfang 2011 nahm ich, getrieben von Neugier und dem Bedarf nach neuen Herausforderungen, an einem Workshop des Offenen Kanal L\u00fcbeck teil. An drei Samstagen konnten interessierte Frauen dort die Radioarbeit kennenlernen \u2013 und ich war interessiert! Weil fast allen der am Kurs teilnehmenden Frauen der Workshop nicht reichte, wurde dar\u00fcber &#8230; <a title=\"Radio\" class=\"read-more\" href=\"https:\/\/www.inge-schlueter.de\/?page_id=19\" aria-label=\"Mehr Informationen \u00fcber Radio\">Weiterlesen &#8230;<\/a><\/p>\n","protected":false},"author":2,"featured_media":0,"parent":0,"menu_order":0,"comment_status":"closed","ping_status":"closed","template":"","meta":{"footnotes":""},"_links":{"self":[{"href":"https:\/\/www.inge-schlueter.de\/index.php?rest_route=\/wp\/v2\/pages\/19"}],"collection":[{"href":"https:\/\/www.inge-schlueter.de\/index.php?rest_route=\/wp\/v2\/pages"}],"about":[{"href":"https:\/\/www.inge-schlueter.de\/index.php?rest_route=\/wp\/v2\/types\/page"}],"author":[{"embeddable":true,"href":"https:\/\/www.inge-schlueter.de\/index.php?rest_route=\/wp\/v2\/users\/2"}],"replies":[{"embeddable":true,"href":"https:\/\/www.inge-schlueter.de\/index.php?rest_route=%2Fwp%2Fv2%2Fcomments&post=19"}],"version-history":[{"count":52,"href":"https:\/\/www.inge-schlueter.de\/index.php?rest_route=\/wp\/v2\/pages\/19\/revisions"}],"predecessor-version":[{"id":3221,"href":"https:\/\/www.inge-schlueter.de\/index.php?rest_route=\/wp\/v2\/pages\/19\/revisions\/3221"}],"wp:attachment":[{"href":"https:\/\/www.inge-schlueter.de\/index.php?rest_route=%2Fwp%2Fv2%2Fmedia&parent=19"}],"curies":[{"name":"wp","href":"https:\/\/api.w.org\/{rel}","templated":true}]}}