{"id":2,"date":"2013-04-30T09:12:05","date_gmt":"2013-04-30T07:12:05","guid":{"rendered":"http:\/\/www.inge-schlueter.de\/cms\/?page_id=2"},"modified":"2015-07-28T12:50:09","modified_gmt":"2015-07-28T10:50:09","slug":"beispiel-seite","status":"publish","type":"page","link":"https:\/\/www.inge-schlueter.de\/?page_id=2","title":{"rendered":"Partnerlos mit Kind, na und!"},"content":{"rendered":"<p style=\"text-align: center;\"><a href=\"https:\/\/www.inge-schlueter.de\/wp-content\/uploads\/2013\/04\/Cover1_Vorderseite_Ebook.jpg\"><img loading=\"lazy\" decoding=\"async\" class=\"aligncenter  wp-image-424\" src=\"https:\/\/www.inge-schlueter.de\/wp-content\/uploads\/2013\/04\/Cover1_Vorderseite_Ebook-191x300.jpg\" alt=\"Cover1_Vorderseite_Ebook\" width=\"149\" height=\"235\" \/><\/a><\/p>\n<p style=\"text-align: center;\">BIEP FIMILIM<br \/>\npartnerlos mit Kind, na und!<\/p>\n<p style=\"text-align: center;\"><em>2. Auflage als Taschenbuch und E-Book erschienen im Dezember 2013.<\/em><\/p>\n<p style=\"text-align: justify;\">Das erste Buch von Inge Schl\u00fcter ist ihren T\u00f6chtern, Antonia und Hanna, gewidmet!<\/p>\n<p style=\"text-align: justify;\">BIEP FIMILIM entstand aus Hannas Kindermund, als sie ungef\u00e4hr 2 Jahre alt war. \u00dcbersetzt ins Erwachsenen-Deutsch hei\u00dft es \u201aGibt Schlimmeres\u2019!<\/p>\n<p style=\"text-align: justify;\">In diesem Buch geht es unter anderem um den ganz normalen Wahnsinn, wenn kleine Kinder ins Bett m\u00fcssen. Selbstkritisch stellt die Autorin fest, was f\u00fcr eine Heulsuse sie ist und auch der Besuch von Beratungsstellen findet Platz in diesem Buch. Weiter erz\u00e4hlt Inge Schl\u00fcter von dem Ballanceakt, welchen man leisten muss, wenn der Chef im B\u00fcro wartet und das Kind krank ist. Und die Geschichte &#8222;Lieblingsm\u00e4nner&#8220; beweist, dass alleinerziehende M\u00fctter nicht nur M\u00fctter sind, sondern immer noch ganz viel Frau. Zumindest theoretisch.<\/p>\n<p style=\"text-align: justify;\"><span style=\"text-decoration: underline;\">\u00a0<\/span><\/p>\n","protected":false},"excerpt":{"rendered":"<p>BIEP FIMILIM partnerlos mit Kind, na und! 2. Auflage als Taschenbuch und E-Book erschienen im Dezember 2013. Das erste Buch von Inge Schl\u00fcter ist ihren T\u00f6chtern, Antonia und Hanna, gewidmet! BIEP FIMILIM entstand aus Hannas Kindermund, als sie ungef\u00e4hr 2 Jahre alt war. \u00dcbersetzt ins Erwachsenen-Deutsch hei\u00dft es \u201aGibt Schlimmeres\u2019! In diesem Buch geht es &#8230; <a title=\"Partnerlos mit Kind, na und!\" class=\"read-more\" href=\"https:\/\/www.inge-schlueter.de\/?page_id=2\" aria-label=\"Mehr Informationen \u00fcber Partnerlos mit Kind, na und!\">Weiterlesen &#8230;<\/a><\/p>\n","protected":false},"author":2,"featured_media":0,"parent":0,"menu_order":0,"comment_status":"closed","ping_status":"closed","template":"","meta":{"footnotes":""},"_links":{"self":[{"href":"https:\/\/www.inge-schlueter.de\/index.php?rest_route=\/wp\/v2\/pages\/2"}],"collection":[{"href":"https:\/\/www.inge-schlueter.de\/index.php?rest_route=\/wp\/v2\/pages"}],"about":[{"href":"https:\/\/www.inge-schlueter.de\/index.php?rest_route=\/wp\/v2\/types\/page"}],"author":[{"embeddable":true,"href":"https:\/\/www.inge-schlueter.de\/index.php?rest_route=\/wp\/v2\/users\/2"}],"replies":[{"embeddable":true,"href":"https:\/\/www.inge-schlueter.de\/index.php?rest_route=%2Fwp%2Fv2%2Fcomments&post=2"}],"version-history":[{"count":18,"href":"https:\/\/www.inge-schlueter.de\/index.php?rest_route=\/wp\/v2\/pages\/2\/revisions"}],"predecessor-version":[{"id":856,"href":"https:\/\/www.inge-schlueter.de\/index.php?rest_route=\/wp\/v2\/pages\/2\/revisions\/856"}],"wp:attachment":[{"href":"https:\/\/www.inge-schlueter.de\/index.php?rest_route=%2Fwp%2Fv2%2Fmedia&parent=2"}],"curies":[{"name":"wp","href":"https:\/\/api.w.org\/{rel}","templated":true}]}}