{"id":5,"date":"2013-06-07T08:51:59","date_gmt":"2013-06-07T06:51:59","guid":{"rendered":"http:\/\/www.inge-schlueter.de\/cms\/?page_id=5"},"modified":"2015-07-28T12:49:29","modified_gmt":"2015-07-28T10:49:29","slug":"biep-fimilim","status":"publish","type":"page","link":"https:\/\/www.inge-schlueter.de\/?page_id=5","title":{"rendered":"Ein Leben ohne Abi und Entenbraten!"},"content":{"rendered":"<p style=\"text-align: justify;\"><a href=\"https:\/\/www.inge-schlueter.de\/cms\/wp-content\/uploads\/2013\/06\/cover_biepfimilim2.jpg\"><img loading=\"lazy\" decoding=\"async\" class=\"aligncenter  wp-image-49\" src=\"https:\/\/www.inge-schlueter.de\/wp-content\/uploads\/2013\/06\/cover_biepfimilim2.jpg\" alt=\"BIEP FIMILIM - Inge Schl\u00fcter\" width=\"156\" height=\"241\" \/><\/a><\/p>\n<p style=\"text-align: center;\">BIEP FIMILIM<br \/>\nEin Leben ohne Abi und Entenbraten!<\/p>\n<p style=\"text-align: center;\"><em>2. Auflage als Taschenbuch und E-Book erschienen im Dezember 2013.<\/em><\/p>\n<p style=\"text-align: justify;\">Das zweite Buch von Inge Schl\u00fcter aus der Reihe BIEP FIMILIM ist wieder gepr\u00e4gt von Leichtigkeit, Kurzweil und einer gesunden Prise Wortwitz.<\/p>\n<p style=\"text-align: justify;\">Geschichten \u00fcber den eigenen inneren Schweinehund, den es unbedingt zu \u00fcberwinden gilt, und die Kritik an einer selbsternannten Powerfrau aus Funk und Fernsehen beweisen einmal mehr, dass das erste Buch von Inge Schl\u00fcter kein Aus-Versehen-Produkt war. Mit gekonnter Leichtigkeit beschreibt sie scheinbar allt\u00e4gliche, fast belanglose Situationen. Und das so, dass es unm\u00f6glich scheint, das Buch aus der Hand zu legen, bevor die Geschichte nicht zu Ende gelesen ist.<\/p>\n<p style=\"text-align: justify;\">Aber auch in heiklen Situationen, wie z.Bsp. in der Geschichte \u201eAlles falsch gemacht\u201c, gelingt es der Autorin glaubhaft und authentisch schwierige Stimmungen zu erz\u00e4hlen. Und dabei f\u00fchlt sich nicht nur die weibliche Leserschaft angesprochen.<\/p>\n<p style=\"text-align: justify;\"><span style=\"text-decoration: underline;\">\u00a0<\/span><\/p>\n","protected":false},"excerpt":{"rendered":"<p>BIEP FIMILIM Ein Leben ohne Abi und Entenbraten! 2. Auflage als Taschenbuch und E-Book erschienen im Dezember 2013. Das zweite Buch von Inge Schl\u00fcter aus der Reihe BIEP FIMILIM ist wieder gepr\u00e4gt von Leichtigkeit, Kurzweil und einer gesunden Prise Wortwitz. Geschichten \u00fcber den eigenen inneren Schweinehund, den es unbedingt zu \u00fcberwinden gilt, und die Kritik &#8230; <a title=\"Ein Leben ohne Abi und Entenbraten!\" class=\"read-more\" href=\"https:\/\/www.inge-schlueter.de\/?page_id=5\" aria-label=\"Mehr Informationen \u00fcber Ein Leben ohne Abi und Entenbraten!\">Weiterlesen &#8230;<\/a><\/p>\n","protected":false},"author":2,"featured_media":0,"parent":0,"menu_order":0,"comment_status":"closed","ping_status":"closed","template":"","meta":{"footnotes":""},"_links":{"self":[{"href":"https:\/\/www.inge-schlueter.de\/index.php?rest_route=\/wp\/v2\/pages\/5"}],"collection":[{"href":"https:\/\/www.inge-schlueter.de\/index.php?rest_route=\/wp\/v2\/pages"}],"about":[{"href":"https:\/\/www.inge-schlueter.de\/index.php?rest_route=\/wp\/v2\/types\/page"}],"author":[{"embeddable":true,"href":"https:\/\/www.inge-schlueter.de\/index.php?rest_route=\/wp\/v2\/users\/2"}],"replies":[{"embeddable":true,"href":"https:\/\/www.inge-schlueter.de\/index.php?rest_route=%2Fwp%2Fv2%2Fcomments&post=5"}],"version-history":[{"count":22,"href":"https:\/\/www.inge-schlueter.de\/index.php?rest_route=\/wp\/v2\/pages\/5\/revisions"}],"predecessor-version":[{"id":855,"href":"https:\/\/www.inge-schlueter.de\/index.php?rest_route=\/wp\/v2\/pages\/5\/revisions\/855"}],"wp:attachment":[{"href":"https:\/\/www.inge-schlueter.de\/index.php?rest_route=%2Fwp%2Fv2%2Fmedia&parent=5"}],"curies":[{"name":"wp","href":"https:\/\/api.w.org\/{rel}","templated":true}]}}