{"id":541,"date":"2014-10-31T17:18:53","date_gmt":"2014-10-31T15:18:53","guid":{"rendered":"http:\/\/www.inge-schlueter.de\/?page_id=541"},"modified":"2015-07-28T12:45:16","modified_gmt":"2015-07-28T10:45:16","slug":"informitzig-die-kolumnen","status":"publish","type":"page","link":"https:\/\/www.inge-schlueter.de\/?page_id=541","title":{"rendered":"Informitzig &#8211; Die Kolumnen"},"content":{"rendered":"<p><a href=\"https:\/\/www.inge-schlueter.de\/wp-content\/uploads\/2014\/10\/coverirrwitzig.jpg\"><img loading=\"lazy\" decoding=\"async\" class=\"aligncenter size-medium wp-image-553\" src=\"https:\/\/www.inge-schlueter.de\/wp-content\/uploads\/2014\/10\/coverirrwitzig-187x300.jpg\" alt=\"Informitzig\" width=\"165\" height=\"265\" srcset=\"https:\/\/www.inge-schlueter.de\/wp-content\/uploads\/2014\/10\/coverirrwitzig-187x300.jpg 187w, https:\/\/www.inge-schlueter.de\/wp-content\/uploads\/2014\/10\/coverirrwitzig.jpg 400w\" sizes=\"(max-width: 165px) 100vw, 165px\" \/><\/a><\/p>\n<p style=\"text-align: center;\">\u00a0Informitzig &#8211; Die Kolumnen<\/p>\n<p style=\"text-align: center;\"><em>Als Taschenbuch und E-Book erschienen im Oktober 2014.<\/em><\/p>\n<p>Entweder Sie lesen die Kolumnen von Inge Schl\u00fcter und denken: \u201eHat die noch alle Tassen im Schrank!\u201c oder Sie denken: \u201eRecht hat sie!\u201c<\/p>\n<p>Das aktuelle Tagesgeschehen und bekannte Situationen aus dem Leben verpackt die Autorin in ein kurzweiliges, lebendiges Glossenkost\u00fcm.<\/p>\n<p>Ist das Betreuungsgeld \u00fcberf\u00e4llig oder \u00fcberfl\u00fcssig? Wie erkl\u00e4re ich einem Kind das Endlagergesetz? Sind Ferien sch\u00f6n oder anstrengend? K\u00f6nnen nur M\u00e4nner grillen? Wie gucken Frauen Fu\u00dfball? Wenn man altenfreundlich ist, ist man dann gleichzeitig kinderfeindlich? Wie lebt es sich mit Vornamen wie Rebh\u00fchner?<\/p>\n<p>Ob kritisch, informativ, provokant oder witzig \u2013 diese Kolumnen leben von ihrem Mix aus allem!<\/p>\n<p>F\u00fcr alle, die gern schmunzeln und nachdenken!<\/p>\n","protected":false},"excerpt":{"rendered":"<p>\u00a0Informitzig &#8211; Die Kolumnen Als Taschenbuch und E-Book erschienen im Oktober 2014. Entweder Sie lesen die Kolumnen von Inge Schl\u00fcter und denken: \u201eHat die noch alle Tassen im Schrank!\u201c oder Sie denken: \u201eRecht hat sie!\u201c Das aktuelle Tagesgeschehen und bekannte Situationen aus dem Leben verpackt die Autorin in ein kurzweiliges, lebendiges Glossenkost\u00fcm. Ist das Betreuungsgeld &#8230; <a title=\"Informitzig &#8211; Die Kolumnen\" class=\"read-more\" href=\"https:\/\/www.inge-schlueter.de\/?page_id=541\" aria-label=\"Mehr Informationen \u00fcber Informitzig &#8211; Die Kolumnen\">Weiterlesen &#8230;<\/a><\/p>\n","protected":false},"author":1,"featured_media":0,"parent":73,"menu_order":0,"comment_status":"open","ping_status":"open","template":"","meta":{"footnotes":""},"_links":{"self":[{"href":"https:\/\/www.inge-schlueter.de\/index.php?rest_route=\/wp\/v2\/pages\/541"}],"collection":[{"href":"https:\/\/www.inge-schlueter.de\/index.php?rest_route=\/wp\/v2\/pages"}],"about":[{"href":"https:\/\/www.inge-schlueter.de\/index.php?rest_route=\/wp\/v2\/types\/page"}],"author":[{"embeddable":true,"href":"https:\/\/www.inge-schlueter.de\/index.php?rest_route=\/wp\/v2\/users\/1"}],"replies":[{"embeddable":true,"href":"https:\/\/www.inge-schlueter.de\/index.php?rest_route=%2Fwp%2Fv2%2Fcomments&post=541"}],"version-history":[{"count":6,"href":"https:\/\/www.inge-schlueter.de\/index.php?rest_route=\/wp\/v2\/pages\/541\/revisions"}],"predecessor-version":[{"id":848,"href":"https:\/\/www.inge-schlueter.de\/index.php?rest_route=\/wp\/v2\/pages\/541\/revisions\/848"}],"up":[{"embeddable":true,"href":"https:\/\/www.inge-schlueter.de\/index.php?rest_route=\/wp\/v2\/pages\/73"}],"wp:attachment":[{"href":"https:\/\/www.inge-schlueter.de\/index.php?rest_route=%2Fwp%2Fv2%2Fmedia&parent=541"}],"curies":[{"name":"wp","href":"https:\/\/api.w.org\/{rel}","templated":true}]}}