{"id":73,"date":"2013-07-16T15:07:39","date_gmt":"2013-07-16T13:07:39","guid":{"rendered":"http:\/\/www.inge-schlueter.de\/cms\/?page_id=73"},"modified":"2024-10-10T12:33:04","modified_gmt":"2024-10-10T10:33:04","slug":"biep-fimilim-2","status":"publish","type":"page","link":"https:\/\/www.inge-schlueter.de\/?page_id=73","title":{"rendered":"B\u00fccher"},"content":{"rendered":"<p>Bisher erschienen sind:<\/p>\n<ul>\n<li style=\"list-style-type: none;\">\n<ul>\n<li><span style=\"color: #993300;\"><a style=\"color: #993300;\" title=\"Partnerlos mit Kind, na und!\" href=\"https:\/\/www.inge-schlueter.de\/?page_id=2\"><strong>BIEP FIMILIM<\/strong><\/a><\/span><br \/>\n<span style=\"color: #993300;\"> <strong><a style=\"color: #993300;\" title=\"Partnerlos mit Kind, na und!\" href=\"https:\/\/www.inge-schlueter.de\/?page_id=2\">Partnerlos mit Kind, na und!<\/a><br \/>\n<\/strong><\/span><\/li>\n<li><span style=\"color: #993300;\"><a style=\"color: #993300;\" title=\"Ein Leben ohne Abi und Entenbraten!\" href=\"https:\/\/www.inge-schlueter.de\/?page_id=5\"><strong>BIEP FIMILIM<\/strong><\/a><\/span><br \/>\n<span style=\"color: #993300;\"> <strong><strong><a style=\"color: #993300;\" title=\"Ein Leben ohne Abi und Entenbraten!\" href=\"https:\/\/www.inge-schlueter.de\/?page_id=5\">Ein Leben ohne Abi und Entenbraten!<\/a><\/strong><\/strong><\/span><\/li>\n<li><span style=\"color: #000080;\"><a style=\"color: #000080;\" title=\"Informitzig \u2013 Die Kolumnen\" href=\"https:\/\/www.inge-schlueter.de\/?page_id=541\"><strong>Informitzig \u2013 Die Kolumnen<\/strong><\/a><\/span><\/li>\n<li><span style=\"color: #000080;\"><strong><a style=\"color: #000080;\" href=\"https:\/\/www.inge-schlueter.de\/?page_id=771\">Informitzig 2 &#8211; Mehr Kolumnen<\/a><\/strong><\/span><\/li>\n<li><span style=\"color: #993300;\"><strong><a style=\"color: #993300;\" href=\"https:\/\/www.inge-schlueter.de\/?page_id=774\">BIEP FIMILIM<\/a><\/strong><\/span><br \/>\n<span style=\"color: #993300;\"> <strong><a style=\"color: #993300;\" href=\"https:\/\/www.inge-schlueter.de\/?page_id=774\">Tausche Bobby-Car gegen Facebook-Account!<\/a><\/strong><\/span><\/li>\n<li><span style=\"color: #000080;\"><strong><a style=\"color: #000080;\" href=\"https:\/\/www.inge-schlueter.de\/?page_id=1217\">Informitzig 3 &#8211; Noch mehr Kolumnen<\/a><\/strong><\/span><\/li>\n<li><span style=\"color: #000080;\"><strong><a style=\"color: #000080;\" href=\"https:\/\/www.inge-schlueter.de\/?page_id=1577\">Informitzig 4 &#8211; Weitere Kolumnen<\/a><\/strong><\/span><\/li>\n<li><span style=\"color: #339966;\"><strong><a style=\"color: #339966;\" href=\"https:\/\/www.inge-schlueter.de\/?page_id=1649\">Mein Nach-Hause-Gehen<\/a><\/strong><\/span><\/li>\n<\/ul>\n<\/li>\n<\/ul>\n<p>Hier geht es zu\u00a0<span style=\"color: #ff9900;\"><strong><a style=\"color: #ff9900;\" href=\"https:\/\/www.amazon.de\/Inge-Schl%C3%BCter\/e\/B00JEAKQK6\/ref=ntt_dp_epwbk_1\" target=\"_blank\" rel=\"noopener noreferrer\">meinen B\u00fcchern bei Amazo<span style=\"color: #ff9900;\">n<\/span><\/a><\/strong>\u00a0!<\/span><\/p>\n<p>&#8230;und hier zu meinem<span style=\"color: #ff9900;\"> <strong><a style=\"color: #ff9900;\" href=\"https:\/\/www.bod.de\/buchshop\/mein-nach-hause-gehen-inge-schlueter-9783746031453\" target=\"_blank\" rel=\"noopener noreferrer\">Buch im BoD-Verlag!<\/a><\/strong><\/span><\/p>\n<p>__________________________________________________<\/p>\n<p><strong>Wo gibt es die B\u00fccher zu kaufen?<\/strong><\/p>\n<p>Alle meine B\u00fccher sind bei Amazon gelistet und dort schnell und unkompliziert als Taschenbuch und E-Book zu bestellen. Es kann auch sein, dass der eine oder andere Buchladen in und um Bad Segeberg meine B\u00fccher liegen hat. Es besteht ferner die M\u00f6glichkeit &#8211; ich habe zwar keinen &#8222;Shop&#8220; &#8211; bei mir einfach mal anzufragen, wo, wie und \u00fcberhaupt!<\/p>\n<p>&#8222;Mein Nach-Hause-Gehen&#8220; ist das einzige Buch, welches ich im VLB (Verzeichnis Lieferbarer B\u00fccher) gelistet habe. Somit ist das Buch auch \u00fcber jeden Buchhandel bestell- und lieferbar.<\/p>\n","protected":false},"excerpt":{"rendered":"<p>Bisher erschienen sind: BIEP FIMILIM Partnerlos mit Kind, na und! BIEP FIMILIM Ein Leben ohne Abi und Entenbraten! Informitzig \u2013 Die Kolumnen Informitzig 2 &#8211; Mehr Kolumnen BIEP FIMILIM Tausche Bobby-Car gegen Facebook-Account! Informitzig 3 &#8211; Noch mehr Kolumnen Informitzig 4 &#8211; Weitere Kolumnen Mein Nach-Hause-Gehen Hier geht es zu\u00a0meinen B\u00fcchern bei Amazon\u00a0! &#8230;und hier &#8230; <a title=\"B\u00fccher\" class=\"read-more\" href=\"https:\/\/www.inge-schlueter.de\/?page_id=73\" aria-label=\"Mehr Informationen \u00fcber B\u00fccher\">Weiterlesen &#8230;<\/a><\/p>\n","protected":false},"author":2,"featured_media":0,"parent":0,"menu_order":0,"comment_status":"closed","ping_status":"closed","template":"","meta":{"footnotes":""},"_links":{"self":[{"href":"https:\/\/www.inge-schlueter.de\/index.php?rest_route=\/wp\/v2\/pages\/73"}],"collection":[{"href":"https:\/\/www.inge-schlueter.de\/index.php?rest_route=\/wp\/v2\/pages"}],"about":[{"href":"https:\/\/www.inge-schlueter.de\/index.php?rest_route=\/wp\/v2\/types\/page"}],"author":[{"embeddable":true,"href":"https:\/\/www.inge-schlueter.de\/index.php?rest_route=\/wp\/v2\/users\/2"}],"replies":[{"embeddable":true,"href":"https:\/\/www.inge-schlueter.de\/index.php?rest_route=%2Fwp%2Fv2%2Fcomments&post=73"}],"version-history":[{"count":35,"href":"https:\/\/www.inge-schlueter.de\/index.php?rest_route=\/wp\/v2\/pages\/73\/revisions"}],"predecessor-version":[{"id":3202,"href":"https:\/\/www.inge-schlueter.de\/index.php?rest_route=\/wp\/v2\/pages\/73\/revisions\/3202"}],"wp:attachment":[{"href":"https:\/\/www.inge-schlueter.de\/index.php?rest_route=%2Fwp%2Fv2%2Fmedia&parent=73"}],"curies":[{"name":"wp","href":"https:\/\/api.w.org\/{rel}","templated":true}]}}