{"id":771,"date":"2015-07-21T16:11:38","date_gmt":"2015-07-21T14:11:38","guid":{"rendered":"http:\/\/www.inge-schlueter.de\/?page_id=771"},"modified":"2015-07-28T12:47:40","modified_gmt":"2015-07-28T10:47:40","slug":"informitzig2-mehr-kolumnen","status":"publish","type":"page","link":"https:\/\/www.inge-schlueter.de\/?page_id=771","title":{"rendered":"Informitzig2 \u2013 Mehr Kolumnen"},"content":{"rendered":"<p><a href=\"https:\/\/www.inge-schlueter.de\/wp-content\/uploads\/2015\/07\/informitzig2_500.jpg\"><img loading=\"lazy\" decoding=\"async\" class=\"aligncenter wp-image-772 \" src=\"https:\/\/www.inge-schlueter.de\/wp-content\/uploads\/2015\/07\/informitzig2_500-191x300.jpg\" alt=\"informitzig2_500\" width=\"160\" height=\"251\" srcset=\"https:\/\/www.inge-schlueter.de\/wp-content\/uploads\/2015\/07\/informitzig2_500-191x300.jpg 191w, https:\/\/www.inge-schlueter.de\/wp-content\/uploads\/2015\/07\/informitzig2_500.jpg 500w\" sizes=\"(max-width: 160px) 100vw, 160px\" \/><\/a><\/p>\n<p style=\"text-align: center;\">Informitzig 2 &#8211; Mehr Kolumnen<\/p>\n<p style=\"text-align: center;\"><em>Als Taschenbuch und E-Book erschienen im Juli 2015.<\/em><\/p>\n<p>In Informitzig 2 \u2013 Mehr Kolumnen reihen sich wieder zahlreiche Glossen aneinander, die entweder zum Schmunzeln oder zum Nachdenken einladen. Mal \u201eauf die Schippe\u201c nehmend und mal kritisch hinterfragend werden Alltagssituationen oder das aktuelle Tagesgeschehen beschrieben.<\/p>\n<p>Ist Zeit eine Erfindung oder ein Gef\u00fchl? Inwieweit unterscheidet sich B\u00fcrokratie von B\u00fcrokratismus? Die Autorin macht sich Gedanken \u00fcber das \u201ePkw-Gen\u201c und fragt kritisch, ob es eine Verpflichtung zum Leben gibt. Einen Elternabend verwandelt sie in eine Typenstudie und ein anderes Mal l\u00e4sst sie keinen Zweifel daran, dass es Hundeschulen f\u00fcr Menschen geben m\u00fcsste.<\/p>\n<p>Wieder eine gelungene Mischung aus Humor und Ernsthaftigkeit.<\/p>\n","protected":false},"excerpt":{"rendered":"<p>Informitzig 2 &#8211; Mehr Kolumnen Als Taschenbuch und E-Book erschienen im Juli 2015. In Informitzig 2 \u2013 Mehr Kolumnen reihen sich wieder zahlreiche Glossen aneinander, die entweder zum Schmunzeln oder zum Nachdenken einladen. Mal \u201eauf die Schippe\u201c nehmend und mal kritisch hinterfragend werden Alltagssituationen oder das aktuelle Tagesgeschehen beschrieben. Ist Zeit eine Erfindung oder ein &#8230; <a title=\"Informitzig2 \u2013 Mehr Kolumnen\" class=\"read-more\" href=\"https:\/\/www.inge-schlueter.de\/?page_id=771\" aria-label=\"Mehr Informationen \u00fcber Informitzig2 \u2013 Mehr Kolumnen\">Weiterlesen &#8230;<\/a><\/p>\n","protected":false},"author":1,"featured_media":0,"parent":0,"menu_order":0,"comment_status":"open","ping_status":"open","template":"","meta":{"footnotes":""},"_links":{"self":[{"href":"https:\/\/www.inge-schlueter.de\/index.php?rest_route=\/wp\/v2\/pages\/771"}],"collection":[{"href":"https:\/\/www.inge-schlueter.de\/index.php?rest_route=\/wp\/v2\/pages"}],"about":[{"href":"https:\/\/www.inge-schlueter.de\/index.php?rest_route=\/wp\/v2\/types\/page"}],"author":[{"embeddable":true,"href":"https:\/\/www.inge-schlueter.de\/index.php?rest_route=\/wp\/v2\/users\/1"}],"replies":[{"embeddable":true,"href":"https:\/\/www.inge-schlueter.de\/index.php?rest_route=%2Fwp%2Fv2%2Fcomments&post=771"}],"version-history":[{"count":4,"href":"https:\/\/www.inge-schlueter.de\/index.php?rest_route=\/wp\/v2\/pages\/771\/revisions"}],"predecessor-version":[{"id":851,"href":"https:\/\/www.inge-schlueter.de\/index.php?rest_route=\/wp\/v2\/pages\/771\/revisions\/851"}],"wp:attachment":[{"href":"https:\/\/www.inge-schlueter.de\/index.php?rest_route=%2Fwp%2Fv2%2Fmedia&parent=771"}],"curies":[{"name":"wp","href":"https:\/\/api.w.org\/{rel}","templated":true}]}}